{"id":1887,"date":"2020-11-28T16:21:42","date_gmt":"2020-11-28T13:21:42","guid":{"rendered":"https:\/\/www.hakancaliskan.net\/?page_id=1887"},"modified":"2020-11-28T16:37:57","modified_gmt":"2020-11-28T13:37:57","slug":"etkinlik","status":"publish","type":"page","link":"https:\/\/www.hakancaliskan.net\/en\/etkinlik\/","title":{"rendered":"Organizational"},"content":{"rendered":"<div class=\"vc_row wpb_row vc_row-fluid\"><div class=\"wpb_column vc_column_container vc_col-sm-12\"><div class=\"vc_column-inner\"><div class=\"wpb_wrapper\"><h1 class=\"fac-big-title fac-title text-left\" style=\"color:#4b4b4b\">Organizational<\/h1>\n\n\t<div class=\"wpb_text_column wpb_content_element\" >\n\t\t<div class=\"wpb_wrapper\">\n\t\t\t<ul>\n<li>He served as chairman, organization committee member, scientific committee member, technical committee member in many international conferences\/symposiums.<\/li>\n<li>He worked as a panelist, commissioner and referee in TUBITAK (The Scientific and Technological Research Council), Republic of Turkey Ministry of Industry and Technology, KOSGEB (Small and Medium Enterprises Development Organization), Latvian Science Council, National Science Centre (NCN) Poland Evaluation of the National Centre of Science and technology (NCS) of Kazakhstan for the Italian Ministry of Education University and research (MIUR), Innovation Fund Denmark (IFD), EUREKA, EUROSTARS, INNOWWIDE, Horizon-2020 (EU), COST projects.<\/li>\n<\/ul>\n\n\t\t<\/div>\n\t<\/div>\n<\/div><\/div><\/div><\/div>","protected":false},"excerpt":{"rendered":"Etkinlik \u00c7ok say\u0131da uluslararas\u0131 konferanslarda\/sempozyumlarda ba\u015fkanl\u0131k, organizasyon komitesi \u00fcyeli\u011fi, bilim kurulu \u00fcyeli\u011fi, teknik komite \u00fcyeli\u011fi yapm\u0131\u015ft\u0131r. T\u00dcB\u0130TAK, T\u00fcrkiye Bilim Sanayi [...]","protected":false},"author":1,"featured_media":0,"parent":0,"menu_order":3,"comment_status":"closed","ping_status":"closed","template":"page-pagebuilder.php","meta":[],"yoast_head":"<!-- This site is optimized with the Yoast SEO plugin v20.8 - https:\/\/yoast.com\/wordpress\/plugins\/seo\/ -->\n<title>Etkinlik - Hakan \u00c7ALI\u015eKAN<\/title>\n<meta name=\"robots\" content=\"noindex, nofollow\" \/>\n<meta property=\"og:locale\" content=\"en_GB\" \/>\n<meta property=\"og:type\" content=\"article\" \/>\n<meta property=\"og:title\" content=\"Etkinlik - Hakan \u00c7ALI\u015eKAN\" \/>\n<meta property=\"og:url\" content=\"https:\/\/www.hakancaliskan.net\/en\/etkinlik\/\" \/>\n<meta property=\"og:site_name\" content=\"Hakan \u00c7ALI\u015eKAN\" \/>\n<meta property=\"article:modified_time\" content=\"2020-11-28T13:37:57+00:00\" \/>\n<meta name=\"twitter:card\" content=\"summary_large_image\" \/>\n<meta name=\"twitter:label1\" content=\"Est. reading time\" \/>\n\t<meta name=\"twitter:data1\" content=\"1 minute\" \/>\n<script type=\"application\/ld+json\" class=\"yoast-schema-graph\">{\"@context\":\"https:\/\/schema.org\",\"@graph\":[{\"@type\":\"WebPage\",\"@id\":\"https:\/\/www.hakancaliskan.net\/etkinlik\/\",\"url\":\"https:\/\/www.hakancaliskan.net\/etkinlik\/\",\"name\":\"Etkinlik - Hakan \u00c7ALI\u015eKAN\",\"isPartOf\":{\"@id\":\"https:\/\/www.hakancaliskan.net\/#website\"},\"datePublished\":\"2020-11-28T13:21:42+00:00\",\"dateModified\":\"2020-11-28T13:37:57+00:00\",\"breadcrumb\":{\"@id\":\"https:\/\/www.hakancaliskan.net\/etkinlik\/#breadcrumb\"},\"inLanguage\":\"en-GB\",\"potentialAction\":[{\"@type\":\"ReadAction\",\"target\":[\"https:\/\/www.hakancaliskan.net\/etkinlik\/\"]}]},{\"@type\":\"BreadcrumbList\",\"@id\":\"https:\/\/www.hakancaliskan.net\/etkinlik\/#breadcrumb\",\"itemListElement\":[{\"@type\":\"ListItem\",\"position\":1,\"name\":\"Ana sayfa\",\"item\":\"https:\/\/www.hakancaliskan.net\/\"},{\"@type\":\"ListItem\",\"position\":2,\"name\":\"Etkinlik\"}]},{\"@type\":\"WebSite\",\"@id\":\"https:\/\/www.hakancaliskan.net\/#website\",\"url\":\"https:\/\/www.hakancaliskan.net\/\",\"name\":\"Hakan \u00c7ALI\u015eKAN\",\"description\":\"\",\"publisher\":{\"@id\":\"https:\/\/www.hakancaliskan.net\/#organization\"},\"potentialAction\":[{\"@type\":\"SearchAction\",\"target\":{\"@type\":\"EntryPoint\",\"urlTemplate\":\"https:\/\/www.hakancaliskan.net\/?s={search_term_string}\"},\"query-input\":\"required name=search_term_string\"}],\"inLanguage\":\"en-GB\"},{\"@type\":\"Organization\",\"@id\":\"https:\/\/www.hakancaliskan.net\/#organization\",\"name\":\"Hakan \u00c7ALI\u015eKAN\",\"url\":\"https:\/\/www.hakancaliskan.net\/\",\"logo\":{\"@type\":\"ImageObject\",\"inLanguage\":\"en-GB\",\"@id\":\"https:\/\/www.hakancaliskan.net\/#\/schema\/logo\/image\/\",\"url\":\"https:\/\/www.hakancaliskan.net\/wp-content\/uploads\/2020\/10\/cropped-hc-pp-1.jpg\",\"contentUrl\":\"https:\/\/www.hakancaliskan.net\/wp-content\/uploads\/2020\/10\/cropped-hc-pp-1.jpg\",\"width\":400,\"height\":401,\"caption\":\"Hakan \u00c7ALI\u015eKAN\"},\"image\":{\"@id\":\"https:\/\/www.hakancaliskan.net\/#\/schema\/logo\/image\/\"}}]}<\/script>\n<!-- \/ Yoast SEO plugin. -->","yoast_head_json":{"title":"Etkinlik - Hakan \u00c7ALI\u015eKAN","robots":{"index":"noindex","follow":"nofollow"},"og_locale":"en_GB","og_type":"article","og_title":"Etkinlik - Hakan \u00c7ALI\u015eKAN","og_url":"https:\/\/www.hakancaliskan.net\/en\/etkinlik\/","og_site_name":"Hakan \u00c7ALI\u015eKAN","article_modified_time":"2020-11-28T13:37:57+00:00","twitter_card":"summary_large_image","twitter_misc":{"Est. reading time":"1 minute"},"schema":{"@context":"https:\/\/schema.org","@graph":[{"@type":"WebPage","@id":"https:\/\/www.hakancaliskan.net\/etkinlik\/","url":"https:\/\/www.hakancaliskan.net\/etkinlik\/","name":"Etkinlik - Hakan \u00c7ALI\u015eKAN","isPartOf":{"@id":"https:\/\/www.hakancaliskan.net\/#website"},"datePublished":"2020-11-28T13:21:42+00:00","dateModified":"2020-11-28T13:37:57+00:00","breadcrumb":{"@id":"https:\/\/www.hakancaliskan.net\/etkinlik\/#breadcrumb"},"inLanguage":"en-GB","potentialAction":[{"@type":"ReadAction","target":["https:\/\/www.hakancaliskan.net\/etkinlik\/"]}]},{"@type":"BreadcrumbList","@id":"https:\/\/www.hakancaliskan.net\/etkinlik\/#breadcrumb","itemListElement":[{"@type":"ListItem","position":1,"name":"Ana sayfa","item":"https:\/\/www.hakancaliskan.net\/"},{"@type":"ListItem","position":2,"name":"Etkinlik"}]},{"@type":"WebSite","@id":"https:\/\/www.hakancaliskan.net\/#website","url":"https:\/\/www.hakancaliskan.net\/","name":"Hakan \u00c7ALI\u015eKAN","description":"","publisher":{"@id":"https:\/\/www.hakancaliskan.net\/#organization"},"potentialAction":[{"@type":"SearchAction","target":{"@type":"EntryPoint","urlTemplate":"https:\/\/www.hakancaliskan.net\/?s={search_term_string}"},"query-input":"required name=search_term_string"}],"inLanguage":"en-GB"},{"@type":"Organization","@id":"https:\/\/www.hakancaliskan.net\/#organization","name":"Hakan \u00c7ALI\u015eKAN","url":"https:\/\/www.hakancaliskan.net\/","logo":{"@type":"ImageObject","inLanguage":"en-GB","@id":"https:\/\/www.hakancaliskan.net\/#\/schema\/logo\/image\/","url":"https:\/\/www.hakancaliskan.net\/wp-content\/uploads\/2020\/10\/cropped-hc-pp-1.jpg","contentUrl":"https:\/\/www.hakancaliskan.net\/wp-content\/uploads\/2020\/10\/cropped-hc-pp-1.jpg","width":400,"height":401,"caption":"Hakan \u00c7ALI\u015eKAN"},"image":{"@id":"https:\/\/www.hakancaliskan.net\/#\/schema\/logo\/image\/"}}]}},"_links":{"self":[{"href":"https:\/\/www.hakancaliskan.net\/en\/wp-json\/wp\/v2\/pages\/1887"}],"collection":[{"href":"https:\/\/www.hakancaliskan.net\/en\/wp-json\/wp\/v2\/pages"}],"about":[{"href":"https:\/\/www.hakancaliskan.net\/en\/wp-json\/wp\/v2\/types\/page"}],"author":[{"embeddable":true,"href":"https:\/\/www.hakancaliskan.net\/en\/wp-json\/wp\/v2\/users\/1"}],"replies":[{"embeddable":true,"href":"https:\/\/www.hakancaliskan.net\/en\/wp-json\/wp\/v2\/comments?post=1887"}],"version-history":[{"count":5,"href":"https:\/\/www.hakancaliskan.net\/en\/wp-json\/wp\/v2\/pages\/1887\/revisions"}],"predecessor-version":[{"id":1895,"href":"https:\/\/www.hakancaliskan.net\/en\/wp-json\/wp\/v2\/pages\/1887\/revisions\/1895"}],"wp:attachment":[{"href":"https:\/\/www.hakancaliskan.net\/en\/wp-json\/wp\/v2\/media?parent=1887"}],"curies":[{"name":"wp","href":"https:\/\/api.w.org\/{rel}","templated":true}]}}